{"id":2044,"date":"2025-01-30T15:45:23","date_gmt":"2025-01-30T06:45:23","guid":{"rendered":"https:\/\/consosaka.esteri.it\/?page_id=2044"},"modified":"2025-05-27T14:49:27","modified_gmt":"2025-05-27T05:49:27","slug":"carta-didentita-elettronica","status":"publish","type":"page","link":"https:\/\/consosaka.esteri.it\/it\/servizi-consolari-e-visti\/servizi-per-il-cittadino-italiano\/carta-didentita-elettronica\/","title":{"rendered":"Carta d\u2019identit\u00e0 elettronica"},"content":{"rendered":"<p><strong>I connazionali iscritti all\u2019AIRE nella circoscrizione consolare di Osaka possono richiedere il rilascio della Carta d\u2019identit\u00e0 elettronica<\/strong>. Dopo l\u2019acquisizione dei dati biometrici presso l\u2019ufficio consolare, la tessera viene spedita per posta a casa del richiedente entro due\/tre settimane dall\u2019appuntamento.<\/p>\n<ol>\n<li><strong>Che cos\u2019\u00e8 la carta d\u2019identit\u00e0 elettronica?<\/strong><br \/>\nLa carta d\u2019identit\u00e0 elettronica (CIE) \u00e8 un documento personale di riconoscimento valido per identificarsi e circolare nell\u2019Unione Europea, negli Stati aderenti all\u2019accordo di Schengen e in altri Stati con cui sono stati raggiunti accordi bilaterali (vedasi le singole \u201cschede Paese\u201d sul sito <a href=\"http:\/\/www.viaggiaresicuri.it\/\">www.viaggiaresicuri.it<\/a>).<br \/>\nRispetto alla versione cartacea, la CIE riporta anche il codice fiscale e attraverso un microchip e un codice PIN permette l\u2019accesso ai servizi digitali della Pubblica Amministrazione e ai servizi privati che aderiscono al servizio, proprio come lo SPID. Attraverso l\u2019app CieSign, \u00e8 possibile firmare elettronicamente documenti.<\/li>\n<li><strong>A chi pu\u00f2 essere rilasciata la carta d\u2019identit\u00e0 elettronica?<\/strong><br \/>\n<strong>Ai cittadini italiani regolarmente residenti in questa circoscrizione consolare con iscrizione AIRE completa.<\/strong><br \/>\n<strong>Nel caso si sia cambiato l\u2019indirizzo di residenza<\/strong> (rispetto a quello comunicato in precedenza all\u2019Ufficio consolare), \u00e8 necessario chiedere la variazione di indirizzo tramite il portale Fast It prima di procedere alla prenotazione dell\u2019appuntamento.<\/li>\n<li><strong>Quando si pu\u00f2 richiedere?<\/strong><br \/>\n\u2022 In assenza o in sostituzione di una carta di identit\u00e0 cartacea valida;<br \/>\n\u2022 in caso di furto, smarrimento o deterioramento della carta precedente<br \/>\n\u2022 in caso di scadenza di precedente CIE.<\/li>\n<li><strong>Come si richiede la carta d\u2019identit\u00e0 elettronica?<\/strong><br \/>\nLa domanda della carta d\u2019identit\u00e0 elettronica si presenta personalmente al Consolato Generale. Al fine di poter richiedere un appuntamento, il richiedente deve prima collegarsi al sito istituzionale e accedere all\u2019applicativo <a href=\"https:\/\/prenotami.esteri.it\/\">Prenot@mi<\/a>. Selezionando il servizio \u201cPresentazione documentazione (Primo Step)\u201d potr\u00e0 inserire le proprie generalit\u00e0 e allegare SCANSIONE IN UNICO FILE della copia fronte retro della carta di identit\u00e0 eventualmente posseduta, del <u><a href=\"https:\/\/consosaka.esteri.it\/wp-content\/uploads\/2025\/05\/dichiarazione.pdf\">modulo di dichiarazione<\/a><\/u> compilato e sottoscritto e di un documento di identit\u00e0 in corso di validit\u00e0. All\u2019esito della istruttoria, di durata non inferiore ai prescritti 15 giorni per le verifiche presso il comune di iscrizione AIRE, il richiedente ricever\u00e0 una e-mail contenente indicazioni operative per la richiesta di appuntamento tramite il differente servizio <a href=\"https:\/\/prenotami.esteri.it\/\">Prenot@mi<\/a> denominato \u201cRichiesta appuntamento (Secondo Step)\u201d. <strong>ATTENZIONE: nel caso in cui a seguito di verifiche emergessero criticit\u00e0, il connazionale verr\u00e0 contattato all\u2019indirizzo e-mail inserito su Prenot@mi.<\/strong><\/li>\n<li><strong>\u00c8 possibile chiedere l\u2019appuntamento per i miei figli minori?<\/strong><br \/>\nS\u00ec. In fase di prenotazione dell\u2019appuntamento bisogner\u00e0 <strong>compilare una scheda per ciascun richiedente<\/strong>.<\/li>\n<li><strong>Qual \u00e8 la documentazione necessaria da portare con s\u00e9 al momento dell\u2019appuntamento per richiedere la carta d\u2019identit\u00e0 elettronica?<\/strong><br \/>\n1. Una fotografia formato tessera recente conforme agli <a href=\"https:\/\/consosaka.esteri.it\/wp-content\/uploads\/2025\/01\/Standard-foto-ICAO.jpg\">standard internazionali ICAO<\/a>;<br \/>\n2. Carta di identit\u00e0 precedente. In mancanza di questa, un documento di riconoscimento (anche se scaduto);<br \/>\n3. Dichiarazione di smarrimento\/furto della carta precedente, se del caso;<br \/>\n4. Atto di assenso di entrambi genitori nel caso in cui il richiedente sia un minore di 18 anni (v. punto 10).<\/li>\n<li><strong>Quali operazioni sono effettuate il giorno dell\u2019appuntamento?<\/strong><br \/>\nIl giorno dell\u2019appuntamento, l\u2019operatore consolare acquisisce la documentazione indicata al punto precedente, effettua il riconoscimento e la verifica della foto e acquisisce le impronte digitali e la firma (salvo per i minori di anni 12 e in caso di impedimento fisico).<\/li>\n<li><strong>Come si riceve la carta d\u2019identit\u00e0 elettronica?<\/strong><br \/>\nLa CIE \u00e8 emessa dal Ministero dell\u2019Interno e prodotta dall\u2019Istituto Poligrafico e Zecca dello Stato, che la spedisce, a mezzo posta raccomandata, all\u2019indirizzo di residenza dichiarato dal richiedente. Il connazionale potr\u00e0 seguire la spedizione autonomamente online, attraverso il codice di tracciamento.<\/li>\n<li><strong>Quanto tempo vale la carta d\u2019identit\u00e0 elettronica?<\/strong><br \/>\nLa validit\u00e0 della carta d\u2019identit\u00e0 elettronica varia a seconda dell\u2019et\u00e0 del titolare ed \u00e8 di:<br \/>\n\u2013 3 anni di validit\u00e0 per i minori di et\u00e0 compresa tra 0 e 3 anni;<br \/>\n\u2013 5 anni di validit\u00e0 per i minori di et\u00e0 compresa tra 4 e 17 anni;<br \/>\n\u2013 10 anni di validit\u00e0 per maggiorenni.<\/li>\n<li><strong>Quanto costa la carta d\u2019identit\u00e0 elettronica?<\/strong><br \/>\n<strong>I costi di emissione e di spedizione della CIE ammontano a: <\/strong><br \/>\n<strong>\u2022 euro 21,95 per il rilascio di una nuova tessera (prima emissione);<\/strong><br \/>\n<strong>\u2022 euro 27,11 per il rilascio di un duplicato.<\/strong><br \/>\n<strong>Consulta le <\/strong><a href=\"https:\/\/consosaka.esteri.it\/it\/servizi-consolari-e-visti\/servizi-per-il-cittadino-italiano\/tariffa-consolare-in-vigore\/\"><strong>tariffe consolari<\/strong><\/a><strong> per il pagamento in yen, in contanti.<\/strong><\/li>\n<li><strong>Cos\u2019\u00e8 l\u2019atto di assenso?<\/strong><br \/>\nL\u2019assenso per il rilascio della carta di identit\u00e0 per minorenni \u00e8 necessario anche in caso di genitori non sposati, separati o divorziati. <strong>Se l\u2019altro genitore \u00e8 un cittadino dell\u2019UE<\/strong>, non \u00e8 necessaria la presenza in Consolato dello stesso. Sar\u00e0 sufficiente il <a href=\"https:\/\/consosaka.esteri.it\/wp-content\/uploads\/2025\/01\/PDF-atto-di-assenso-CIE-.pdf\">modulo di assenso <\/a>compilato e firmato insieme a una fotocopia del passaporto o carta d\u2019identit\u00e0 di chi concede l\u2019assenso, per il confronto delle firme.<br \/>\nSe il genitore che concede l\u2019assenso non un cittadino dell\u2019UE, deve firmare la dichiarazione di assenso in una delle seguenti modalit\u00e0:<br \/>\n\u2022 presso la Cancelleria consolare il giorno dell\u2019appuntamento, munito di documento di identit\u00e0;<br \/>\n\u2022 presso un <strong>qualsiasi notaio giapponese<\/strong>. La dichiarazione autenticata dal notaio dovr\u00e0 poi essere legalizzata mediante <em>apostille<\/em> e successivamente tradotta;<br \/>\n\u2022 presso un funzionario della Pubblica Amministrazione in Italia;<br \/>\n\u2022 presso un funzionario di una qualsiasi Ambasciata o Consolato italiano nel mondo.<br \/>\n<strong>In caso di decesso di uno dei genitori<\/strong> occorre presentare una copia del certificato di morte.<br \/>\nNel caso in cui non fosse possibile ottenere l\u2019assenso dell\u2019altro genitore, sar\u00e0 necessario chiedere l\u2019emissione di un Decreto del Giudice Tutelare.<\/li>\n<li><strong>Devo chiedere una nuova carta se cambio indirizzo?<\/strong><br \/>\nNo. La carta d\u2019identit\u00e0 \u00e8 un documento di identit\u00e0 e non di residenza.<\/li>\n<li><strong>\u00c8 possibile per le donne sposate inserire il cognome del marito?<\/strong><br \/>\nNo. La carta d\u2019identit\u00e0 \u00e8 un documento di identit\u00e0 e non di stato civile.<\/li>\n<li><strong>Posso richiedere la carta di identit\u00e0 presso il mio Comune in Italia, anche se residente all\u2019estero?<\/strong><br \/>\nIl connazionale dovr\u00e0 verificare con il Comune in Italia.<\/li>\n<\/ol>\n","protected":false},"excerpt":{"rendered":"I connazionali iscritti all\u2019AIRE nella circoscrizione consolare di Osaka possono richiedere il rilascio della Carta d\u2019identit\u00e0 elettronica. Dopo l\u2019acquisizione dei dati biometrici presso l\u2019ufficio consolare, la tessera viene spedita per posta a casa del richiedente entro due\/tre settimane dall\u2019appuntamento. Che cos\u2019\u00e8 la carta d\u2019identit\u00e0 elettronica? La carta d\u2019identit\u00e0 elettronica (CIE) \u00e8 un documento personale di [&hellip;]","protected":false},"author":4,"featured_media":0,"parent":59,"menu_order":0,"comment_status":"closed","ping_status":"closed","template":"","meta":{"footnotes":""},"class_list":["post-2044","page","type-page","status-publish","hentry"],"_links":{"self":[{"href":"https:\/\/consosaka.esteri.it\/it\/wp-json\/wp\/v2\/pages\/2044","targetHints":{"allow":["GET"]}}],"collection":[{"href":"https:\/\/consosaka.esteri.it\/it\/wp-json\/wp\/v2\/pages"}],"about":[{"href":"https:\/\/consosaka.esteri.it\/it\/wp-json\/wp\/v2\/types\/page"}],"author":[{"embeddable":true,"href":"https:\/\/consosaka.esteri.it\/it\/wp-json\/wp\/v2\/users\/4"}],"replies":[{"embeddable":true,"href":"https:\/\/consosaka.esteri.it\/it\/wp-json\/wp\/v2\/comments?post=2044"}],"version-history":[{"count":4,"href":"https:\/\/consosaka.esteri.it\/it\/wp-json\/wp\/v2\/pages\/2044\/revisions"}],"predecessor-version":[{"id":2408,"href":"https:\/\/consosaka.esteri.it\/it\/wp-json\/wp\/v2\/pages\/2044\/revisions\/2408"}],"up":[{"embeddable":true,"href":"https:\/\/consosaka.esteri.it\/it\/wp-json\/wp\/v2\/pages\/59"}],"wp:attachment":[{"href":"https:\/\/consosaka.esteri.it\/it\/wp-json\/wp\/v2\/media?parent=2044"}],"curies":[{"name":"wp","href":"https:\/\/api.w.org\/{rel}","templated":true}]}}