{"id":239,"date":"2023-06-16T15:55:00","date_gmt":"2023-06-16T06:55:00","guid":{"rendered":"https:\/\/consosaka.esteri.it\/?page_id=239"},"modified":"2025-02-03T13:50:23","modified_gmt":"2025-02-03T04:50:23","slug":"messaggio-del-console-generale","status":"publish","type":"page","link":"https:\/\/consosaka.esteri.it\/it\/chi-siamo\/il-console-generale\/messaggio-del-console-generale\/","title":{"rendered":"Messaggio del Console Generale"},"content":{"rendered":"<p><img loading=\"lazy\" decoding=\"async\" class=\"\" src=\"https:\/\/consosaka.esteri.it\/wp-content\/uploads\/2025\/02\/Foto-Console-Manara.jpeg\" width=\"382\" height=\"425\" \/><\/p>\n<p><em>Care e cari connazionali,<br \/>\ndesidero rivolgere a tutte e tutti voi e agli amici giapponesi residenti nella circoscrizione un caloroso saluto.<br \/>\n\u00c8 un grande onore per me assumere le funzioni di Console Generale d&#8217;Italia a Osaka e contribuire, sotto la guida dell\u2019Ambasciata d\u2019Italia a Tokyo e in raccordo con tutto il Sistema Italia in Giappone, al rafforzamento dei rapporti tra l\u2019Italia e la circoscrizione consolare in ambito economico, culturale, scientifico e sociale.<br \/>\nSaremo al vostro fianco, insieme alla squadra del Consolato Generale, per offrirvi servizi efficienti e vicini alle esigenze della nostra comunit\u00e0, e per favorire la collaborazione tra industrie, accademia e centri di ricerca.<br \/>\nDa questa piattaforma potrete accedere ai servizi online e troverete informazioni e aggiornamenti sulle attivit\u00e0 del Consolato e sulle opportunit\u00e0 d\u2019impresa e di studio.<br \/>\nNel corso del 2025 la citt\u00e0 di Osaka, centro dinamico della regione del Kansai, ospiter\u00e0 l&#8217;Expo Universale, un appuntamento internazionale che vedr\u00e0 l\u2019Italia protagonista con le proprie eccellenze. Tale evento offre un\u2019occasione straordinaria per consolidare ulteriormente i legami tra Italia e Giappone, due Paesi che hanno nell&#8217;ingegno, nella creativit\u00e0 e nella capacit\u00e0 di innovare i propri punti di forza.<br \/>\nVi ringrazio per ogni vostra proposta e conto sui suggerimenti e sul sostegno di chi, come voi, contribuisce quotidianamente ad alimentare e arricchire i profondi legami tra le comunit\u00e0 di Italia e Giappone.<br \/>\nBuona navigazione sul nostro sito!<br \/>\nFilippo Manara<br \/>\n<\/em><\/p>\n","protected":false},"excerpt":{"rendered":"Care e cari connazionali, desidero rivolgere a tutte e tutti voi e agli amici giapponesi residenti nella circoscrizione un caloroso saluto. \u00c8 un grande onore per me assumere le funzioni di Console Generale d&#8217;Italia a Osaka e contribuire, sotto la guida dell\u2019Ambasciata d\u2019Italia a Tokyo e in raccordo con tutto il Sistema Italia in Giappone, [&hellip;]","protected":false},"author":4,"featured_media":0,"parent":34,"menu_order":0,"comment_status":"closed","ping_status":"closed","template":"","meta":{"footnotes":""},"class_list":["post-239","page","type-page","status-publish","hentry"],"_links":{"self":[{"href":"https:\/\/consosaka.esteri.it\/it\/wp-json\/wp\/v2\/pages\/239","targetHints":{"allow":["GET"]}}],"collection":[{"href":"https:\/\/consosaka.esteri.it\/it\/wp-json\/wp\/v2\/pages"}],"about":[{"href":"https:\/\/consosaka.esteri.it\/it\/wp-json\/wp\/v2\/types\/page"}],"author":[{"embeddable":true,"href":"https:\/\/consosaka.esteri.it\/it\/wp-json\/wp\/v2\/users\/4"}],"replies":[{"embeddable":true,"href":"https:\/\/consosaka.esteri.it\/it\/wp-json\/wp\/v2\/comments?post=239"}],"version-history":[{"count":7,"href":"https:\/\/consosaka.esteri.it\/it\/wp-json\/wp\/v2\/pages\/239\/revisions"}],"predecessor-version":[{"id":2081,"href":"https:\/\/consosaka.esteri.it\/it\/wp-json\/wp\/v2\/pages\/239\/revisions\/2081"}],"up":[{"embeddable":true,"href":"https:\/\/consosaka.esteri.it\/it\/wp-json\/wp\/v2\/pages\/34"}],"wp:attachment":[{"href":"https:\/\/consosaka.esteri.it\/it\/wp-json\/wp\/v2\/media?parent=239"}],"curies":[{"name":"wp","href":"https:\/\/api.w.org\/{rel}","templated":true}]}}