{"id":2708,"date":"2025-08-04T10:37:36","date_gmt":"2025-08-04T01:37:36","guid":{"rendered":"https:\/\/consosaka.esteri.it\/?page_id=2708"},"modified":"2025-08-04T10:48:03","modified_gmt":"2025-08-04T01:48:03","slug":"elenco-delle-associazioni-italiane","status":"publish","type":"page","link":"https:\/\/consosaka.esteri.it\/it\/servizi-consolari-e-visti\/servizi-per-il-cittadino-italiano\/elenco-delle-associazioni-italiane\/","title":{"rendered":"Elenco delle associazioni italiane"},"content":{"rendered":"<p>In ragione del costante aumento della presenza di residenti italiani nella circoscrizione consolare di Osaka registrato negli ultimi anni, il Consolato Generale d\u2019Italia desidera promuovere e valorizzare le forme di aggregazione della comunit\u00e0, offrendo maggiore visibilit\u00e0 e pubblicit\u00e0 alle associazioni italiane attive sul territorio.<\/p>\n<p>Su richiesta delle associazioni interessate e previa verifica dei requisiti per l\u2019iscrizione, i dati delle associazioni italiane presenti nella circoscrizione consolare di Osaka sono raccolti in un elenco messo a disposizione del pubblico.<\/p>\n<p>I recapiti delle associazioni sono inseriti nell\u2019elenco in ordine alfabetico. Il Consolato Generale non risponde per l\u2019operato delle associazioni e ne verifica la sola sussistenza dei requisiti per l\u2019iscrizione nell\u2019elenco. Il Consolato Generale declina ogni responsabilit\u00e0 per le imprecisioni o le omissioni nei dati forniti dalle associazioni. L\u2019elenco viene aggiornato con cadenza semestrale.<\/p>\n<p><strong>REQUISITI PER L\u2019ISCRIZIONE<\/strong><\/p>\n<p>Possono richiedere l\u2019iscrizione le associazioni che soddisfino i seguenti requisiti:<\/p>\n<ul>\n<li>Abbiano sede nella circoscrizione consolare di Osaka<\/li>\n<li>Svolgano attivit\u00e0 lecite e conformi alle legislazioni italiana e giapponese.<\/li>\n<li>Siano composte da almeno 25 soci cittadini italiani e iscritti all\u2019AIRE nella circoscrizione di riferimento<\/li>\n<li>Presentino regolare statuto e atto costitutivo<\/li>\n<li>Siano in grado di documentare le attivit\u00e0 svolte nell\u2019ultimo anno<\/li>\n<\/ul>\n<p>Al fine della verifica della rappresentativit\u00e0 e dell\u2019operativit\u00e0, le associazioni devono regolarmente informare per iscritto, almeno una volta l\u2019anno, l\u2019Ufficio consolare delle attivit\u00e0 svolte nel corso dell\u2019anno e della convocazione della loro Assemblea annuale, nonch\u00e9 delle eventuali variazioni nelle cariche sociali.<\/p>\n<p>L\u2019Associazione pu\u00f2 essere cancellata dal registro \u2013 oltre che quando il numero dei soci diventa inferiore al numero minimo richiesto \u2013 per sopravvenuto scioglimento o per richiesta esplicita dei legali rappresentanti dell\u2019Associazione stessa. Qualora le attivit\u00e0 previste dallo Statuto dell\u2019Associazione risultino inesistenti o irrilevanti, anche tramite verifiche condotte dall\u2019Ufficio consolare, l\u2019Associazione verr\u00e0 cancellata dal registro, previa comunicazione scritta.<\/p>\n<p>L\u2019iscrizione nell\u2019elenco non comporta alcuna forma di riconoscimento ufficiale da parte del Consolato Generale n\u00e9 comporta benefici di tipo giuridico o fiscale.<\/p>\n<p><em>\u00a0<\/em><\/p>\n<p><strong>PER REGISTRARSI<\/strong><\/p>\n<p>Le associazioni che intendono essere inserite nell\u2019elenco dovranno inviarne richiesta utilizzando <a href=\"https:\/\/consosaka.esteri.it\/wp-content\/uploads\/2025\/08\/RICHIESTA-DI-ISCRIZIONE-ASSOCIAZIONE_Osaka.docx\">questo modulo<\/a>, a firma del proprio rappresentante legale, all\u2019indirizzo: <a href=\"mailto:consolare.osaka@esteri.it\">consolare.osaka@esteri.it<\/a>, corredata della seguente documentazione:<\/p>\n<ol>\n<li>Atto di costituzione e statuto;<\/li>\n<li>Elenco dei rappresentanti legali e delle cariche sociali;<\/li>\n<li>Elenco nominativo dei soci, specificando quali siano iscritti all\u2019AIRE come residenti nella circoscrizione di Osaka;<\/li>\n<li>Elenco dei soci partecipanti all\u2019ultima assemblea;<\/li>\n<\/ol>\n<ol>\n<li>Relazione sulle attivit\u00e0 svolte nell\u2019ultimo anno<\/li>\n<\/ol>\n<ol start=\"6\">\n<li>Copia di un documento di identit\u00e0 del dichiarante.<\/li>\n<\/ol>\n","protected":false},"excerpt":{"rendered":"In ragione del costante aumento della presenza di residenti italiani nella circoscrizione consolare di Osaka registrato negli ultimi anni, il Consolato Generale d\u2019Italia desidera promuovere e valorizzare le forme di aggregazione della comunit\u00e0, offrendo maggiore visibilit\u00e0 e pubblicit\u00e0 alle associazioni italiane attive sul territorio. Su richiesta delle associazioni interessate e previa verifica dei requisiti per [&hellip;]","protected":false},"author":4,"featured_media":0,"parent":59,"menu_order":0,"comment_status":"closed","ping_status":"closed","template":"","meta":{"footnotes":""},"class_list":["post-2708","page","type-page","status-publish","hentry"],"_links":{"self":[{"href":"https:\/\/consosaka.esteri.it\/it\/wp-json\/wp\/v2\/pages\/2708","targetHints":{"allow":["GET"]}}],"collection":[{"href":"https:\/\/consosaka.esteri.it\/it\/wp-json\/wp\/v2\/pages"}],"about":[{"href":"https:\/\/consosaka.esteri.it\/it\/wp-json\/wp\/v2\/types\/page"}],"author":[{"embeddable":true,"href":"https:\/\/consosaka.esteri.it\/it\/wp-json\/wp\/v2\/users\/4"}],"replies":[{"embeddable":true,"href":"https:\/\/consosaka.esteri.it\/it\/wp-json\/wp\/v2\/comments?post=2708"}],"version-history":[{"count":2,"href":"https:\/\/consosaka.esteri.it\/it\/wp-json\/wp\/v2\/pages\/2708\/revisions"}],"predecessor-version":[{"id":2712,"href":"https:\/\/consosaka.esteri.it\/it\/wp-json\/wp\/v2\/pages\/2708\/revisions\/2712"}],"up":[{"embeddable":true,"href":"https:\/\/consosaka.esteri.it\/it\/wp-json\/wp\/v2\/pages\/59"}],"wp:attachment":[{"href":"https:\/\/consosaka.esteri.it\/it\/wp-json\/wp\/v2\/media?parent=2708"}],"curies":[{"name":"wp","href":"https:\/\/api.w.org\/{rel}","templated":true}]}}