{"id":292,"date":"2023-06-19T15:20:12","date_gmt":"2023-06-19T06:20:12","guid":{"rendered":"https:\/\/consosaka.esteri.it\/?page_id=292"},"modified":"2023-09-06T11:06:53","modified_gmt":"2023-09-06T02:06:53","slug":"certificati-anagrafici-rilasciati-dai-comuni-italiani-possibilita-di-richiesta-online","status":"publish","type":"page","link":"https:\/\/consosaka.esteri.it\/it\/servizi-consolari-e-visti\/servizi-per-il-cittadino-italiano\/certificati-anagrafici-rilasciati-dai-comuni-italiani-possibilita-di-richiesta-online\/","title":{"rendered":"Certificati Anagrafici rilasciati dai Comuni Italiani &#8211; Possibilit\u00e0 di Richiesta Online"},"content":{"rendered":"<p>A partire dal 15 novembre 2021, i cittadini iscritti nelle anagrafi italiane (compreso AIRE) hanno la possibilit\u00e0 di richiedere online diversi tipi di certificati anagrafici. Il rilascio \u00e8 gratuito \u00e8 possibile solo a condizione di avere un&#8217;identit\u00e0 digitale (CIE, Spid o CNS).<\/p>\n<p>Il sito al quale \u00e8 necessario connettersi \u00e8<br \/>\n<a href=\"https:\/\/www.anagrafenazionale.interno.it\/servizi-al-cittadino\/\">https:\/\/www.anagrafenazionale.interno.it\/servizi-al-cittadino\/<\/a>\u00a0; i certificati che si<br \/>\npossono richiedere, per se&#8217; oppure per i familiari conviventi anagraficamente, sono:<br \/>\n\u25cf Anagrafico di nascita<br \/>\n\u25cf Anagrafico di matrimonio<br \/>\n\u25cf di Cittadinanza<br \/>\n\u25cf di Esistenza in vita<br \/>\n\u25cf di Residenza<br \/>\n\u25cf di Residenza AIRE<br \/>\n\u25cf di Stato civile<br \/>\n\u25cf di Stato di famiglia<br \/>\n\u25cf di Stato di famiglia e di stato civile<br \/>\n\u25cf di Residenza in convivenza<br \/>\n\u25cf di Stato di famiglia AIRE<br \/>\n\u25cf di Stato di famiglia con rapporti di parentela<br \/>\n\u25cf di Stato Libero<br \/>\n\u25cf Anagrafico di Unione Civile<br \/>\n\u25cf di Contratto di Convivenza<\/p>\n","protected":false},"excerpt":{"rendered":"A partire dal 15 novembre 2021, i cittadini iscritti nelle anagrafi italiane (compreso AIRE) hanno la possibilit\u00e0 di richiedere online diversi tipi di certificati anagrafici. Il rilascio \u00e8 gratuito \u00e8 possibile solo a condizione di avere un&#8217;identit\u00e0 digitale (CIE, Spid o CNS). Il sito al quale \u00e8 necessario connettersi \u00e8 https:\/\/www.anagrafenazionale.interno.it\/servizi-al-cittadino\/\u00a0; i certificati che si [&hellip;]","protected":false},"author":4,"featured_media":0,"parent":59,"menu_order":30,"comment_status":"closed","ping_status":"closed","template":"","meta":{"footnotes":""},"class_list":["post-292","page","type-page","status-publish","hentry"],"_links":{"self":[{"href":"https:\/\/consosaka.esteri.it\/it\/wp-json\/wp\/v2\/pages\/292","targetHints":{"allow":["GET"]}}],"collection":[{"href":"https:\/\/consosaka.esteri.it\/it\/wp-json\/wp\/v2\/pages"}],"about":[{"href":"https:\/\/consosaka.esteri.it\/it\/wp-json\/wp\/v2\/types\/page"}],"author":[{"embeddable":true,"href":"https:\/\/consosaka.esteri.it\/it\/wp-json\/wp\/v2\/users\/4"}],"replies":[{"embeddable":true,"href":"https:\/\/consosaka.esteri.it\/it\/wp-json\/wp\/v2\/comments?post=292"}],"version-history":[{"count":4,"href":"https:\/\/consosaka.esteri.it\/it\/wp-json\/wp\/v2\/pages\/292\/revisions"}],"predecessor-version":[{"id":712,"href":"https:\/\/consosaka.esteri.it\/it\/wp-json\/wp\/v2\/pages\/292\/revisions\/712"}],"up":[{"embeddable":true,"href":"https:\/\/consosaka.esteri.it\/it\/wp-json\/wp\/v2\/pages\/59"}],"wp:attachment":[{"href":"https:\/\/consosaka.esteri.it\/it\/wp-json\/wp\/v2\/media?parent=292"}],"curies":[{"name":"wp","href":"https:\/\/api.w.org\/{rel}","templated":true}]}}