{"id":328,"date":"2023-06-21T12:41:55","date_gmt":"2023-06-21T03:41:55","guid":{"rendered":"https:\/\/consosaka.esteri.it\/?page_id=328"},"modified":"2024-11-22T11:59:32","modified_gmt":"2024-11-22T02:59:32","slug":"decessi","status":"publish","type":"page","link":"https:\/\/consosaka.esteri.it\/it\/servizi-consolari-e-visti\/servizi-per-il-cittadino-italiano\/decessi\/","title":{"rendered":"Decessi"},"content":{"rendered":"<p><strong><a href=\"https:\/\/www.esteri.it\/mae\/it\/servizi\/italiani-all-estero\/stato-civile\/morte_0.html\">Registrazione in Italia del decesso di un italiano residente all\u2019estero.<\/a><\/strong><\/p>\n<p>La morte di un cittadino italiano avvenuta all\u2019estero deve essere trascritta in Italia.<\/p>\n<p>I documenti necessari per registrare il decesso sono:<\/p>\n<ul>\n<li>atto di morte (shibo todoke juri shomeisho), rilasciato dal Comune e legalizzato con APOSTILLE rilasciata dal Ministero degli Affari Esteri giapponese (contattabile al seguente numero: 06-6941-4700; info per la richiesta apostille sul sito del Ministero giapponese:\u00a0<a href=\"http:\/\/www.mofa.go.jp\/ca\/cs\/page22e_000416.html\">http:\/\/www.mofa.go.jp\/ca\/cs\/page22e_000416.html<\/a>)<\/li>\n<li>fotocopia del suddetto atto di morte, con l\u2019esatta lettura in furigana e caratteri latini dei kanji e kana relativi ai nomi di persona e localita\u2019 presenti nel certificato;<\/li>\n<li>documentazione relativa alla cittadinanza del defunto: carta d\u2019identit\u00e0, passaporto italiano o certificato di cittadinanza italiana. Qualora vi fosse un passaporto italiano in corso di validit\u00e0, \u00e8 necessario inviare l&#8217;originale affinch\u00e9 venga annullato<\/li>\n<\/ul>\n<p><a href=\"https:\/\/consosaka.esteri.it\/wp-content\/uploads\/2023\/06\/modulo_di_richiesta_di_trascrizione_certificato_di_morte.doc\">Modulo di richiesta di trascrizione certificato di morte<\/a><\/p>\n","protected":false},"excerpt":{"rendered":"Registrazione in Italia del decesso di un italiano residente all\u2019estero. La morte di un cittadino italiano avvenuta all\u2019estero deve essere trascritta in Italia. I documenti necessari per registrare il decesso sono: atto di morte (shibo todoke juri shomeisho), rilasciato dal Comune e legalizzato con APOSTILLE rilasciata dal Ministero degli Affari Esteri giapponese (contattabile al seguente [&hellip;]","protected":false},"author":4,"featured_media":0,"parent":59,"menu_order":7,"comment_status":"closed","ping_status":"closed","template":"","meta":{"footnotes":""},"class_list":["post-328","page","type-page","status-publish","hentry"],"_links":{"self":[{"href":"https:\/\/consosaka.esteri.it\/it\/wp-json\/wp\/v2\/pages\/328","targetHints":{"allow":["GET"]}}],"collection":[{"href":"https:\/\/consosaka.esteri.it\/it\/wp-json\/wp\/v2\/pages"}],"about":[{"href":"https:\/\/consosaka.esteri.it\/it\/wp-json\/wp\/v2\/types\/page"}],"author":[{"embeddable":true,"href":"https:\/\/consosaka.esteri.it\/it\/wp-json\/wp\/v2\/users\/4"}],"replies":[{"embeddable":true,"href":"https:\/\/consosaka.esteri.it\/it\/wp-json\/wp\/v2\/comments?post=328"}],"version-history":[{"count":5,"href":"https:\/\/consosaka.esteri.it\/it\/wp-json\/wp\/v2\/pages\/328\/revisions"}],"predecessor-version":[{"id":1928,"href":"https:\/\/consosaka.esteri.it\/it\/wp-json\/wp\/v2\/pages\/328\/revisions\/1928"}],"up":[{"embeddable":true,"href":"https:\/\/consosaka.esteri.it\/it\/wp-json\/wp\/v2\/pages\/59"}],"wp:attachment":[{"href":"https:\/\/consosaka.esteri.it\/it\/wp-json\/wp\/v2\/media?parent=328"}],"curies":[{"name":"wp","href":"https:\/\/api.w.org\/{rel}","templated":true}]}}