{"id":35,"date":"2023-04-03T19:15:30","date_gmt":"2023-04-03T17:15:30","guid":{"rendered":"https:\/\/consolatozurigo.esteri.it\/?page_id=35"},"modified":"2023-06-16T16:37:10","modified_gmt":"2023-06-16T07:37:10","slug":"la-sede","status":"publish","type":"page","link":"https:\/\/consosaka.esteri.it\/it\/chi-siamo\/la-sede\/","title":{"rendered":"La Sede"},"content":{"rendered":"<p><img loading=\"lazy\" decoding=\"async\" class=\"size-medium wp-image-255 img-fluid\" src=\"https:\/\/consosaka.esteri.it\/wp-content\/uploads\/2023\/06\/la-sede-300x225.jpg\" alt=\"\" width=\"300\" height=\"225\" srcset=\"https:\/\/consosaka.esteri.it\/wp-content\/uploads\/2023\/06\/la-sede-300x225.jpg 300w, https:\/\/consosaka.esteri.it\/wp-content\/uploads\/2023\/06\/la-sede.jpg 314w\" sizes=\"auto, (max-width: 300px) 100vw, 300px\" \/><\/p>\n<p>Gli uffici del Consolato Generale si trovano nella zona di Nakanoshima, cuore pulsante dell\u2019economia di Osaka e del Kansai, in prossimit\u00e0 di centri nevralgici della vita della citt\u00e0, come il vivace quartiere di Umeda, il Comune di Osaka, la sede osakese della Banca del Giappone.<\/p>\n<p>La sede \u00e8 ubicata nella Nakanoshima Festival Tower, edificio di recente costruzione, al cui interno si trovano diverse importanti istituzioni, tra cui l\u2019Istituto Italiano di Cultura a Osaka, numerose aziende, e la redazione dell\u2019Asahi Shimbun, uno dei maggiori giornali giapponesi.<br \/>\nAll\u2019interno della Festival Tower si trova anche la Nakanoshima Festival Hall, famosa in tutto il Giappone per gli importanti concerti, spettacoli ed eventi che vi si tengono.<\/p>\n","protected":false},"excerpt":{"rendered":"Gli uffici del Consolato Generale si trovano nella zona di Nakanoshima, cuore pulsante dell\u2019economia di Osaka e del Kansai, in prossimit\u00e0 di centri nevralgici della vita della citt\u00e0, come il vivace quartiere di Umeda, il Comune di Osaka, la sede osakese della Banca del Giappone. La sede \u00e8 ubicata nella Nakanoshima Festival Tower, edificio di [&hellip;]","protected":false},"author":1,"featured_media":0,"parent":13,"menu_order":2,"comment_status":"closed","ping_status":"closed","template":"","meta":{"footnotes":""},"class_list":["post-35","page","type-page","status-publish","hentry"],"_links":{"self":[{"href":"https:\/\/consosaka.esteri.it\/it\/wp-json\/wp\/v2\/pages\/35","targetHints":{"allow":["GET"]}}],"collection":[{"href":"https:\/\/consosaka.esteri.it\/it\/wp-json\/wp\/v2\/pages"}],"about":[{"href":"https:\/\/consosaka.esteri.it\/it\/wp-json\/wp\/v2\/types\/page"}],"author":[{"embeddable":true,"href":"https:\/\/consosaka.esteri.it\/it\/wp-json\/wp\/v2\/users\/1"}],"replies":[{"embeddable":true,"href":"https:\/\/consosaka.esteri.it\/it\/wp-json\/wp\/v2\/comments?post=35"}],"version-history":[{"count":2,"href":"https:\/\/consosaka.esteri.it\/it\/wp-json\/wp\/v2\/pages\/35\/revisions"}],"predecessor-version":[{"id":257,"href":"https:\/\/consosaka.esteri.it\/it\/wp-json\/wp\/v2\/pages\/35\/revisions\/257"}],"up":[{"embeddable":true,"href":"https:\/\/consosaka.esteri.it\/it\/wp-json\/wp\/v2\/pages\/13"}],"wp:attachment":[{"href":"https:\/\/consosaka.esteri.it\/it\/wp-json\/wp\/v2\/media?parent=35"}],"curies":[{"name":"wp","href":"https:\/\/api.w.org\/{rel}","templated":true}]}}