{"id":37,"date":"2023-04-03T19:15:59","date_gmt":"2023-04-03T17:15:59","guid":{"rendered":"https:\/\/consolatozurigo.esteri.it\/?page_id=37"},"modified":"2026-01-26T12:50:04","modified_gmt":"2026-01-26T03:50:04","slug":"contatti","status":"publish","type":"page","link":"https:\/\/consosaka.esteri.it\/it\/chi-siamo\/contatti\/","title":{"rendered":"Contatti"},"content":{"rendered":"<p><strong>Email<br \/>\n<\/strong><\/p>\n<p><strong>UFFICIO CONSOLARE<\/strong><br \/>\n<a href=\"mailto:consolare.osaka@esteri.it\">consolare.osaka@esteri.it<\/a><\/p>\n<p><strong>UFFICIO PASSAPORTI<\/strong><br \/>\n<a href=\"mailto:osaka.passaporti@esteri.it\">osaka.passaporti@esteri.it<\/a><\/p>\n<p><strong>UFFICIO CITTADINANZE<\/strong><br \/>\n<a href=\"mailto:osaka.cittadinanze@esteri.it\">osaka.cittadinanze@esteri.it<\/a><\/p>\n<p><strong>UFFICIO VIDIMAZIONE NAVI<br \/>\n<\/strong><a href=\"mailto:osaka.navi@esteri.it\">osaka.navi@esteri.it<\/a><\/p>\n<p><strong>UFFICIO VISTI<\/strong><br \/>\n<a href=\"mailto:visti.osaka@esteri.it\">visti.osaka@esteri.it<\/a><\/p>\n<p><strong>UFFICIO COMMERCIALE<br \/>\n<\/strong><a href=\"mailto:commerciale.osaka@esteri.it\">commerciale.osaka@esteri.it<\/a><\/p>\n<p><strong>SEGRETERIA CONSOLE GENERALE<\/strong><\/p>\n<p><a href=\"mailto:segreteria.osaka@esteri.it\" target=\"_blank\" rel=\"noopener noreferrer\">segreteria.osaka@esteri.it<\/a><\/p>\n<p><strong>UFFICIO AMMINISTRATIVO<\/strong><br \/>\n<a href=\"mailto:amministrazione.osaka@esteri.it\">amministrazione.osaka@esteri.it<\/a><\/p>\n<p>POSTA ELETTRONICA CERTIFICATA:\u00a0<a href=\"mailto:con.osaka@cert.esteri.it\">con.osaka@cert.esteri.it<\/a><\/p>\n<p>Tel: +81 (0)6 -4706.5820<br \/>\n*l&#8217;ufficio <strong>consolare<\/strong> risponde al telefono esclusivamente il <strong>luned\u00ec dalle 14:30 alle 15:30, il mercoled\u00ec dalle 10:00 alle 11:00, e il venerd\u00ec dalle 10:00 alle 11:00<\/strong>. Fuori da questi orari invitiamo a contattare via email.<br \/>\n*l&#8217;ufficio <strong>visti<\/strong> risponde al telefono esclusivamente il <strong>luned\u00ec dalle 15:00 alle 16:00<\/strong>. Fuori da questi orari invitiamo a contattare via email.<br \/>\nFax : +81 (0)6 -6201.0590<\/p>\n<p><strong>Chiusure annuali 2026<\/strong><\/p>\n<p>1 gennaio \u2013 Capodanno<br \/>\n11 febbraio \u2013 Fondazione del Giappone<br \/>\n23 febbraio \u2013 Festivit\u00e0 Nazionale Genetliaco di S.M. l\u2019Imperatore del Giappone<br \/>\n6 aprile \u2013 Luned\u00ec dell\u2019Angelo<br \/>\n25 aprile \u2013 Anniversario della Liberazione<br \/>\n1 maggio \u2013 Festa del Lavoro<br \/>\n3 maggio \u2013 Commemorazione della promulgazione della Costituzione del Giappone<br \/>\n2 giugno \u2013 Festa della Repubblica Italiana<br \/>\n15 agosto \u2013 Assunzione<br \/>\n4 ottobre \u2013 Festa Nazionale di San Francesco d\u2019Assisi<br \/>\n25 dicembre \u2013 Natale<br \/>\n26 dicembre \u2013 Santo Stefano<\/p>\n","protected":false},"excerpt":{"rendered":"Email UFFICIO CONSOLARE consolare.osaka@esteri.it UFFICIO PASSAPORTI osaka.passaporti@esteri.it UFFICIO CITTADINANZE osaka.cittadinanze@esteri.it UFFICIO VIDIMAZIONE NAVI osaka.navi@esteri.it UFFICIO VISTI visti.osaka@esteri.it UFFICIO COMMERCIALE commerciale.osaka@esteri.it SEGRETERIA CONSOLE GENERALE segreteria.osaka@esteri.it UFFICIO AMMINISTRATIVO amministrazione.osaka@esteri.it POSTA ELETTRONICA CERTIFICATA:\u00a0con.osaka@cert.esteri.it Tel: +81 (0)6 -4706.5820 *l&#8217;ufficio consolare risponde al telefono esclusivamente il luned\u00ec dalle 14:30 alle 15:30, il mercoled\u00ec dalle 10:00 alle 11:00, e il venerd\u00ec [&hellip;]","protected":false},"author":1,"featured_media":0,"parent":13,"menu_order":8,"comment_status":"closed","ping_status":"closed","template":"","meta":{"footnotes":""},"class_list":["post-37","page","type-page","status-publish","hentry"],"_links":{"self":[{"href":"https:\/\/consosaka.esteri.it\/it\/wp-json\/wp\/v2\/pages\/37","targetHints":{"allow":["GET"]}}],"collection":[{"href":"https:\/\/consosaka.esteri.it\/it\/wp-json\/wp\/v2\/pages"}],"about":[{"href":"https:\/\/consosaka.esteri.it\/it\/wp-json\/wp\/v2\/types\/page"}],"author":[{"embeddable":true,"href":"https:\/\/consosaka.esteri.it\/it\/wp-json\/wp\/v2\/users\/1"}],"replies":[{"embeddable":true,"href":"https:\/\/consosaka.esteri.it\/it\/wp-json\/wp\/v2\/comments?post=37"}],"version-history":[{"count":6,"href":"https:\/\/consosaka.esteri.it\/it\/wp-json\/wp\/v2\/pages\/37\/revisions"}],"predecessor-version":[{"id":3123,"href":"https:\/\/consosaka.esteri.it\/it\/wp-json\/wp\/v2\/pages\/37\/revisions\/3123"}],"up":[{"embeddable":true,"href":"https:\/\/consosaka.esteri.it\/it\/wp-json\/wp\/v2\/pages\/13"}],"wp:attachment":[{"href":"https:\/\/consosaka.esteri.it\/it\/wp-json\/wp\/v2\/media?parent=37"}],"curies":[{"name":"wp","href":"https:\/\/api.w.org\/{rel}","templated":true}]}}