{"id":478,"date":"2023-06-23T16:55:10","date_gmt":"2023-06-23T07:55:10","guid":{"rendered":"https:\/\/consosaka.esteri.it\/?page_id=478"},"modified":"2023-06-23T16:55:10","modified_gmt":"2023-06-23T07:55:10","slug":"autocertificazione","status":"publish","type":"page","link":"https:\/\/consosaka.esteri.it\/it\/servizi-consolari-e-visti\/servizi-per-il-cittadino-italiano\/autocertificazione\/","title":{"rendered":"Autocertificazione"},"content":{"rendered":"<h2>Cos&#8217;\u00e8 l\u2019autocertificazione?<\/h2>\n<p>E&#8217; una dichiarazione che l&#8217;interessato redige e sottoscrive nel proprio interesse su stati, fatti e qualit\u00e0 personali e che utilizza nei rapporti con la Pubblica Amministrazione e con i concessionari ed i gestori di pubblici servizi.<\/p>\n<p>Nel rapporto con un soggetto privato il ricorso all&#8217;autocertificazione \u00e8 rimandato alla discrezionalit\u00e0 di quest&#8217;ultimo. Le dichiarazione pu\u00f2 sostituire le normali certificazioni e gli atti notori.<\/p>\n<p>Infatti, con l&#8217;entrata in vigore del D.P.R. 28 dicembre 2000 n\u00b0 445, si \u00e8 messo in atto un importante processo di semplificazione amministrativa per riformare la Pubblica Amministrazione e farla funzionare in maniera pi\u00f9 efficace e trasparente.<\/p>\n<p>Moduli:<\/p>\n<p><a href=\"https:\/\/consosaka.esteri.it\/wp-content\/uploads\/2023\/06\/dichiarazionisostitutivedicertificazioni-1.pdf\">dichiarazioni sostitutive di certificazioni<\/a><\/p>\n<p><a href=\"https:\/\/consosaka.esteri.it\/wp-content\/uploads\/2023\/06\/dichiarazionesostitutivadellattodinotorieta-1.pdf\">dichiarazione sostitutiva dell&#8217;atto di notorieta&#8217;<\/a><\/p>\n","protected":false},"excerpt":{"rendered":"Cos&#8217;\u00e8 l\u2019autocertificazione? E&#8217; una dichiarazione che l&#8217;interessato redige e sottoscrive nel proprio interesse su stati, fatti e qualit\u00e0 personali e che utilizza nei rapporti con la Pubblica Amministrazione e con i concessionari ed i gestori di pubblici servizi. Nel rapporto con un soggetto privato il ricorso all&#8217;autocertificazione \u00e8 rimandato alla discrezionalit\u00e0 di quest&#8217;ultimo. Le dichiarazione [&hellip;]","protected":false},"author":4,"featured_media":0,"parent":59,"menu_order":7,"comment_status":"closed","ping_status":"closed","template":"","meta":{"footnotes":""},"class_list":["post-478","page","type-page","status-publish","hentry"],"_links":{"self":[{"href":"https:\/\/consosaka.esteri.it\/it\/wp-json\/wp\/v2\/pages\/478","targetHints":{"allow":["GET"]}}],"collection":[{"href":"https:\/\/consosaka.esteri.it\/it\/wp-json\/wp\/v2\/pages"}],"about":[{"href":"https:\/\/consosaka.esteri.it\/it\/wp-json\/wp\/v2\/types\/page"}],"author":[{"embeddable":true,"href":"https:\/\/consosaka.esteri.it\/it\/wp-json\/wp\/v2\/users\/4"}],"replies":[{"embeddable":true,"href":"https:\/\/consosaka.esteri.it\/it\/wp-json\/wp\/v2\/comments?post=478"}],"version-history":[{"count":1,"href":"https:\/\/consosaka.esteri.it\/it\/wp-json\/wp\/v2\/pages\/478\/revisions"}],"predecessor-version":[{"id":481,"href":"https:\/\/consosaka.esteri.it\/it\/wp-json\/wp\/v2\/pages\/478\/revisions\/481"}],"up":[{"embeddable":true,"href":"https:\/\/consosaka.esteri.it\/it\/wp-json\/wp\/v2\/pages\/59"}],"wp:attachment":[{"href":"https:\/\/consosaka.esteri.it\/it\/wp-json\/wp\/v2\/media?parent=478"}],"curies":[{"name":"wp","href":"https:\/\/api.w.org\/{rel}","templated":true}]}}