{"id":495,"date":"2023-06-26T09:44:01","date_gmt":"2023-06-26T00:44:01","guid":{"rendered":"https:\/\/consosaka.esteri.it\/?page_id=495"},"modified":"2023-06-26T10:17:23","modified_gmt":"2023-06-26T01:17:23","slug":"documenti-di-viaggio","status":"publish","type":"page","link":"https:\/\/consosaka.esteri.it\/it\/servizi-consolari-e-visti\/servizi-per-il-cittadino-italiano\/documenti-di-viaggio\/","title":{"rendered":"Documenti di viaggio"},"content":{"rendered":"<p><a style=\"box-sizing: border-box; overflow-wrap: break-word; background: 0px 0px #ffffff; color: #38518a; text-decoration: none; font-family: Verdana; font-size: 13.3333px; font-style: normal; font-variant-ligatures: normal; font-variant-caps: normal; font-weight: 400; letter-spacing: normal; orphans: 2; text-align: left; text-indent: 0px; text-transform: none; widows: 2; word-spacing: 0px; -webkit-text-stroke-width: 0px; white-space: normal;\" title=\"Link informazioni generali - Passaporto --&gt;\" href=\"http:\/\/www.esteri.it\/MAE\/IT\/Italiani_nel_Mondo\/ServiziConsolari\/Documenti_di_Viaggio\/Passaporto.htm\">Link informazioni generali &#8211;\u00a0Passaporto &#8211;&gt;<\/a><\/p>\n<p><strong>CARTA D&#8217;IDENTITA&#8217;<\/strong><br \/>\nPresso le rappresentative italiane in Giappone, a differenza di quelle nei Paesi UE, non e&#8217; possibile il rilascio della carta d&#8217;identit\u00e0.<\/p>\n<p><strong>RILASCIO NUOVO PASSAPORTO<br \/>\n<\/strong><\/p>\n<p>Il passaporto pu\u00f2 essere rinnovato a partire da 6 mesi prima della scadenza. Come primo passo bisogna inviare all&#8217;indirizzo\u00a0<a href=\"mailto:osaka.passaporti@esteri.it\">osaka.passaporti@esteri.it<\/a>\u00a0una scansione della pagina principale del passaporto, riportante la foto e le generalit\u00e0, e di quella indicante l\u2019ente (questura\/ambasciata\/consolato) di emissione dello stesso. E&#8217; necessario indicare la presenza o meno di figli minorenni. Una volta terminati i dovuti controlli e fissato l&#8217;appuntamento, bisogna presentarsi all\u2019Ufficio Passaporti di questo Consolato Generale la seguente documentazione:<\/p>\n<ul>\n<li>passaporto scaduto o di prossima scadenza;<\/li>\n<li>il corrispettivo in yen di euro\u00a0116 (<a href=\"https:\/\/consosaka.esteri.it\/it\/servizi-consolari-e-visti\/servizi-per-il-cittadino-italiano\/tariffa-consolare-in-vigore\/\">alla tariffa consolare in vigore aggiornata trimestralmente<\/a>), da pagare in contanti;<\/li>\n<li>(se l&#8217;interessato ha figli minori): atto di assenso dell&#8217;altro genitore (<a href=\"https:\/\/consosaka.esteri.it\/wp-content\/uploads\/2023\/06\/atto_di_assenso-4.doc\"><strong>scarica qui<\/strong><\/a>). Se il genitore non e\u2019 ne\u2019 cittadino italiano ne\u2019 comunitario, non risultando applicabile la normativa italiana relativa alla autocertificazione (Legge 127\/1997, Legge 191\/1998 e DPR 445\/2000), e\u2019 necessario seguire una delle seguenti possibilita\u2019:<br \/>\na) Il genitore straniero non UE si reca personalmente presso l&#8217;Ufficio Consolare, munito di documento di riconoscimento, per firmare l&#8217;atto di assenso in presenza del funzionario consolare;<br \/>\nb) Il genitore straniero non UE redige l\u2019&#8221;atto di assenso&#8221; presso un notaio giapponese; in quest&#8217;ultimo caso, tuttavia, occorrera&#8217; che la firma del notaio sia legalizzata prima presso il locale Ufficio Affari Legali, poi con l\u2019apostille del Gaimusho, il Ministero degli Affari Esteri giapponese (contattabile al seguente numero: 06-6941-4700).<\/li>\n<\/ul>\n<p><strong>PASSAPORTO INDIVIDUALE PER MINORI<\/strong><\/p>\n<p>I minori non possono essere pi\u00f9 iscritti sul passaporto dei genitori ma devono essere dotati di un proprio passaporto.<\/p>\n<p>Per il rilascio del passaporto, occorre presentarsi all\u2019Ufficio Passaporti con la seguente documentazione:<\/p>\n<ul>\n<li>apposita richiesta (disponibile presso l\u2019Ufficio)firmata da entrambi i genitori o da uno di essi con atto di assenso (<a href=\"https:\/\/consosaka.esteri.it\/wp-content\/uploads\/2023\/06\/atto_di_assenso-2-1.doc\"><strong>scarica qui<\/strong><\/a>) dell&#8217;altro genitore. Se un genitore non e\u2019 ne\u2019 cittadino italiano ne\u2019 comunitario, non risultando applicabile la normativa italiana relativa alla autocertificazione (Legge 127\/1997, Legge 191\/1998 e DPR 445\/2000), e\u2019 necessario seguire una delle seguenti possibilit\u00e0:<br \/>\na) Il genitore straniero non UE si reca personalmente presso l&#8217;Ufficio Consolare, munito di documento di riconoscimento, per firmare l&#8217;atto di assenso in presenza del funzionario consolare;<br \/>\nb) Il genitore straniero non UE redige l\u2019&#8221;atto di assenso&#8221; presso un notaio giapponese; in quest&#8217;ultimo caso, tuttavia, occorrera&#8217; che la firma del notaio sia legalizzata prima presso il locale Ufficio Affari Legali, poi con l\u2019apostille del Gaimusho, il Ministero degli Affari Esteri giapponese (contattabile al seguente numero: 06-6941-4700).<\/li>\n<li>il corrispettivo in yen di euro 116 (secondo la tariffa consolare in vigore al momento della richiesta), da pagare in contanti;<\/li>\n<li>Fotocopie dei passaporti di entrambi i genitori<\/li>\n<\/ul>\n<p>Il rilascio del passaporto avviene esclusivamente su appuntamento da concordare con la sede.<\/p>\n<p>Per i minori di et\u00e0 inferiore a tre anni la validit\u00e0 del passaporto \u00e8 di tre anni, per i minori di et\u00e0 compresa tra tre e diciotto anni, la validit\u00e0 del passaporto \u00e8 di cinque anni.<br \/>\nAl minore fino a 12 anni non e&#8217; richiesta la rilevazione delle impronte digitali presso il Consolato Generale.<\/p>\n<p>Per i minori di et\u00e0 inferiore agli anni quattordici, l\u2019uso del passaporto \u00e8 subordinato alla condizione che viaggino in compagnia di uno dei genitori o di chi ne fa le veci, oppure che venga menzionato sul passaporto, o su una dichiarazione rilasciata da chi pu\u00f2 dare l\u2019assenso o l\u2019autorizzazione, il nome della persona, dell\u2019ente o della compagnia di trasporto a cui i minori sono affidati.<\/p>\n<p><strong>FURTO O SMARRIMENTO DEL PASSAPORTO (RESIDENTI)<\/strong><\/p>\n<p>Occorre che il cittadino si presenti, previo appuntamento, all\u2019Ufficio Passaporti del Consolato con la seguente documentazione:<\/p>\n<ul>\n<li>denuncia di furto o smarrimento del passaporto effettuato presso la locale competente Autorit\u00e0 di Polizia;<\/li>\n<li>documento di riconoscimento valido con fotografia;<\/li>\n<li>due foto uguali e recenti (<a title=\"clicca per scaricare esempi di foto corrette\" href=\"https:\/\/consosaka.esteri.it\/wp-content\/uploads\/2023\/06\/specificheicaofotopassaporto-2.pdf\"><strong>clicca qui<\/strong><\/a>\u00a0per conoscere il tipo di fotografia richiesta);<\/li>\n<li>il corrispettivo in yen di euro 116 (secondo la tariffa consolare in vigore al momento della richiesta), da pagare in contanti;<\/li>\n<\/ul>\n<p><strong>FURTO O SMARRIMENTO DEL PASSAPORTO (NON RESIDENTI)<\/strong><\/p>\n<p>Qualora il cittadino italiano si trovi in una situazione di emergenza (ad esempio un turista in transito che deve partire tempestivamente e perde o viene derubato del proprio passaporto) e non si faccia in tempo a richiedere alla Questura o al Consolato che ha rilasciato il documento smarrito la DELEGA all\u2019emissione di un nuovo libretto, il Consolato Generale rilascia un documento chiamato &#8220;Documento di Viaggio Provvisorio &#8211; ETD (Emergency Travel Document)&#8221; con validit\u00e0 per il solo viaggio di rientro in Italia, nel Paese di stabile residenza all&#8217;estero o, in casi eccezionali, per una diversa destinazione.\u00a0 Per ottenerlo, bisogna presentarsi in Consolato, previo appuntamento, con la seguente documentazione:<\/p>\n<ul>\n<li>denuncia di furto o smarrimento del passaporto effettuato presso la locale competente Autorit\u00e0 di Polizia;<\/li>\n<li>2 fotografie uguali e recenti (<a title=\"clicca per scaricare esempi di foto corrette\" href=\"https:\/\/consosaka.esteri.it\/wp-content\/uploads\/2023\/06\/specificheicaofotopassaporto-2.pdf\"><strong>clicca qui<\/strong><\/a>\u00a0per conoscere il tipo di fotografia richiesta);<\/li>\n<li>biglietto aereo o e-ticket, con la data di partenza confermata.<\/li>\n<\/ul>\n<p>La validit\u00e0 dell&#8217;ETD, data la sua natura di documento provvisorio di emergenza, \u00e8 di pochissimi giorni, e limitata al viaggio di cui si presenta il biglietto aereo.<\/p>\n<p><a style=\"box-sizing: border-box; overflow-wrap: break-word; background: 0px 0px; color: #38518a; text-decoration: none;\" title=\"Link informazioni generali - ETD --&gt;\" href=\"http:\/\/www.esteri.it\/MAE\/IT\/Italiani_nel_Mondo\/ServiziConsolari\/Documenti_di_Viaggio\/ETD.htm\">Link informazioni generali &#8211; ETD &#8211;&gt;<\/a><\/p>\n<p>&nbsp;<\/p>\n","protected":false},"excerpt":{"rendered":"Link informazioni generali &#8211;\u00a0Passaporto &#8211;&gt; CARTA D&#8217;IDENTITA&#8217; Presso le rappresentative italiane in Giappone, a differenza di quelle nei Paesi UE, non e&#8217; possibile il rilascio della carta d&#8217;identit\u00e0. RILASCIO NUOVO PASSAPORTO Il passaporto pu\u00f2 essere rinnovato a partire da 6 mesi prima della scadenza. Come primo passo bisogna inviare all&#8217;indirizzo\u00a0osaka.passaporti@esteri.it\u00a0una scansione della pagina principale del [&hellip;]","protected":false},"author":4,"featured_media":0,"parent":59,"menu_order":0,"comment_status":"closed","ping_status":"closed","template":"","meta":{"footnotes":""},"class_list":["post-495","page","type-page","status-publish","hentry"],"_links":{"self":[{"href":"https:\/\/consosaka.esteri.it\/it\/wp-json\/wp\/v2\/pages\/495","targetHints":{"allow":["GET"]}}],"collection":[{"href":"https:\/\/consosaka.esteri.it\/it\/wp-json\/wp\/v2\/pages"}],"about":[{"href":"https:\/\/consosaka.esteri.it\/it\/wp-json\/wp\/v2\/types\/page"}],"author":[{"embeddable":true,"href":"https:\/\/consosaka.esteri.it\/it\/wp-json\/wp\/v2\/users\/4"}],"replies":[{"embeddable":true,"href":"https:\/\/consosaka.esteri.it\/it\/wp-json\/wp\/v2\/comments?post=495"}],"version-history":[{"count":2,"href":"https:\/\/consosaka.esteri.it\/it\/wp-json\/wp\/v2\/pages\/495\/revisions"}],"predecessor-version":[{"id":502,"href":"https:\/\/consosaka.esteri.it\/it\/wp-json\/wp\/v2\/pages\/495\/revisions\/502"}],"up":[{"embeddable":true,"href":"https:\/\/consosaka.esteri.it\/it\/wp-json\/wp\/v2\/pages\/59"}],"wp:attachment":[{"href":"https:\/\/consosaka.esteri.it\/it\/wp-json\/wp\/v2\/media?parent=495"}],"curies":[{"name":"wp","href":"https:\/\/api.w.org\/{rel}","templated":true}]}}