{"id":66,"date":"2023-04-03T19:26:56","date_gmt":"2023-04-03T17:26:56","guid":{"rendered":"https:\/\/consolatozurigo.esteri.it\/?page_id=66"},"modified":"2023-08-30T14:30:51","modified_gmt":"2023-08-30T05:30:51","slug":"lingua-e-cultura-italiana","status":"publish","type":"page","link":"https:\/\/consosaka.esteri.it\/it\/italia-e-giappone\/diplomazia-culturale\/lingua-e-cultura-italiana\/","title":{"rendered":"Promozione della Lingua italiana"},"content":{"rendered":"<div class=\"entry-content\">\n<p>Nell\u2019ambito della promozione culturale, la promozione della lingua italiana riveste un ruolo prioritario perch\u00e9 la conoscenza dell\u2019italiano \u00e8 la chiave per entrare in contatto con la nostra cultura in senso ampio e per meglio comprendere le dinamiche del \u201cVivere all\u2019italiana\u201d. Oltre due milioni di stranieri scelgono di studiare la nostra lingua per avvicinarsi al nostro ricchissimo patrimonio culturale artistico e creativo.<\/p>\n<p><a href=\"https:\/\/italiana.esteri.it\/italiana\/\">\u201cItaliana\u201d<\/a> \u00e8 il portale per la promozione della lingua, della cultura e della creativit\u00e0 italiana nel mondo. Un contenitore unico dove trovano spazio: musica, letteratura, poesia, cinema, teatro, arti visive, web art, ma anche architettura, design, storia, archeologia, enogastronomia. Un portale per lo sviluppo del settore culturale e creativo italiano che non ha mai smesso di immaginare, produrre e far sognare e che punta all\u2019innovazione e alla crescita anche sul piano internazionale.<\/p>\n<p>\u201cItaliana\u201d non \u00e8 un punto di arrivo ma di partenza: \u00e8 l\u2019inizio di un percorso che vedr\u00e0 la Farnesina e la sua rete estera accompagnare la cultura e la creativit\u00e0 italiane nei prossimi anni, proponendo al pubblico internazionale nuove modalit\u00e0 di fruizione dove alla componente in presenza sar\u00e0 sempre associata una parte digitale, capace di raggiungere nuovi spettatori e nuovi territori.<\/p>\n<\/div>\n","protected":false},"excerpt":{"rendered":"Nell\u2019ambito della promozione culturale, la promozione della lingua italiana riveste un ruolo prioritario perch\u00e9 la conoscenza dell\u2019italiano \u00e8 la chiave per entrare in contatto con la nostra cultura in senso ampio e per meglio comprendere le dinamiche del \u201cVivere all\u2019italiana\u201d. Oltre due milioni di stranieri scelgono di studiare la nostra lingua per avvicinarsi al nostro [&hellip;]","protected":false},"author":1,"featured_media":0,"parent":41,"menu_order":2,"comment_status":"closed","ping_status":"closed","template":"","meta":{"footnotes":""},"class_list":["post-66","page","type-page","status-publish","hentry"],"_links":{"self":[{"href":"https:\/\/consosaka.esteri.it\/it\/wp-json\/wp\/v2\/pages\/66","targetHints":{"allow":["GET"]}}],"collection":[{"href":"https:\/\/consosaka.esteri.it\/it\/wp-json\/wp\/v2\/pages"}],"about":[{"href":"https:\/\/consosaka.esteri.it\/it\/wp-json\/wp\/v2\/types\/page"}],"author":[{"embeddable":true,"href":"https:\/\/consosaka.esteri.it\/it\/wp-json\/wp\/v2\/users\/1"}],"replies":[{"embeddable":true,"href":"https:\/\/consosaka.esteri.it\/it\/wp-json\/wp\/v2\/comments?post=66"}],"version-history":[{"count":1,"href":"https:\/\/consosaka.esteri.it\/it\/wp-json\/wp\/v2\/pages\/66\/revisions"}],"predecessor-version":[{"id":698,"href":"https:\/\/consosaka.esteri.it\/it\/wp-json\/wp\/v2\/pages\/66\/revisions\/698"}],"up":[{"embeddable":true,"href":"https:\/\/consosaka.esteri.it\/it\/wp-json\/wp\/v2\/pages\/41"}],"wp:attachment":[{"href":"https:\/\/consosaka.esteri.it\/it\/wp-json\/wp\/v2\/media?parent=66"}],"curies":[{"name":"wp","href":"https:\/\/api.w.org\/{rel}","templated":true}]}}